{"id":713,"date":"2024-01-18T20:51:09","date_gmt":"2024-01-18T18:51:09","guid":{"rendered":"https:\/\/demo.artureanec.com\/themes\/neuros\/?page_id=713"},"modified":"2025-10-09T00:56:54","modified_gmt":"2025-10-08T22:56:54","slug":"blog","status":"publish","type":"page","link":"https:\/\/zerooneresearch.ai\/en\/blog\/","title":{"rendered":"Blog"},"content":{"rendered":"<div data-elementor-type=\"wp-page\" data-elementor-id=\"713\" class=\"elementor elementor-713\">\n\t\t\t\t\t\t<section class=\"elementor-section elementor-top-section elementor-element elementor-element-1a286ea elementor-section-boxed elementor-section-height-default elementor-section-height-default\" data-id=\"1a286ea\" data-element_type=\"section\">\n\t\t\t\t\t\t<div class=\"elementor-container elementor-column-gap-default\">\n\t\t\t\t\t<div class=\"elementor-column elementor-col-100 elementor-top-column elementor-element elementor-element-de7b8fe\" data-id=\"de7b8fe\" data-element_type=\"column\">\n\t\t\t<div class=\"elementor-widget-wrap elementor-element-populated\">\n\t\t\t\t\t\t<div class=\"elementor-element elementor-element-e20412e listing-pagination-border-style-gradient listing-pagination-background-style-solid elementor-widget elementor-widget-neuros_blog_listing\" data-id=\"e20412e\" data-element_type=\"widget\" data-widget_type=\"neuros_blog_listing.default\">\n\t\t\t\t<div class=\"elementor-widget-container\">\n\t\t\t\t\t\n        <div class=\"archive-listing\" data-ajax='{&quot;post_type&quot;:&quot;post&quot;,&quot;posts_per_page&quot;:9,&quot;orderby&quot;:&quot;date&quot;,&quot;order&quot;:&quot;desc&quot;,&quot;paged&quot;:1,&quot;category_name&quot;:&quot;&quot;,&quot;tag&quot;:&quot;&quot;,&quot;post__in&quot;:&quot;&quot;,&quot;ignore_sticky_posts&quot;:false,&quot;link_base&quot;:&quot;https:\\\/\\\/zerooneresearch.ai\\\/en\\\/wp-json\\\/wp\\\/v2\\\/pages\\\/713&quot;}' data-widget='{&quot;listing_type&quot;:&quot;grid&quot;,&quot;excerpt_length&quot;:190,&quot;show_cat&quot;:&quot;yes&quot;,&quot;show_media&quot;:&quot;yes&quot;,&quot;show_author&quot;:&quot;&quot;,&quot;show_date&quot;:&quot;yes&quot;,&quot;show_title&quot;:&quot;yes&quot;,&quot;show_tags&quot;:&quot;&quot;,&quot;show_excerpt&quot;:&quot;&quot;,&quot;show_read_more&quot;:&quot;&quot;,&quot;read_more_text&quot;:&quot;Read More&quot;,&quot;columns_number&quot;:3,&quot;show_pagination&quot;:&quot;yes&quot;,&quot;item_class&quot;:&quot;post grid-item grid-blog-item-wrapper&quot;}'>\n            <div class=\"archive-listing-wrapper grid-listing columns-3\">\n                \n<div class=\"standard-blog-item-wrapper post grid-item grid-blog-item-wrapper post-25096 type-post status-publish format-standard has-post-thumbnail hentry category-ai-trendy category-ai-vo-firmach category-business\">\n    <div class=\"blog-item\">\n        <div class=\"post-media-wrapper\"><a href=\"https:\/\/zerooneresearch.ai\/en\/chatgpt5-kde-konci-pomoc-a-zacina-riziko\/\"><picture><source media=\"(max-width: 575px)\" sizes=\"(max-width: 575px) 575px\" srcset=\"https:\/\/zerooneresearch.ai\/wp-content\/uploads\/2025\/10\/01-1680-x-1256-px-CLANKY-575x274.png 575w\"><source media=\"(max-width: 991px)\" sizes=\"(max-width: 991px) 991px\" srcset=\"https:\/\/zerooneresearch.ai\/wp-content\/uploads\/2025\/10\/01-1680-x-1256-px-CLANKY-500x374.png 991w\"><img decoding=\"async\" alt=\"01 1680 x 1256 px CLANKY\" title=\"01 1680 x 1256 px CLANKY\" src=\"https:\/\/zerooneresearch.ai\/wp-content\/uploads\/2025\/10\/01-1680-x-1256-px-CLANKY-640x478.png\" class=\"attachment-neuros_post_grid_3_columns size-neuros_post_grid_3_columns wp-post-image\" \/><\/picture><\/a><\/div><div class=\"post-meta-header\"><div class=\"post-meta-items-wrapper\"><div class=\"post-meta-items\"><div class=\"post-meta-item post-meta-item-date\"><a href=\"https:\/\/zerooneresearch.ai\/en\/2025\/10\/08\/\">8. October 2025<\/a><\/div><\/div><\/div><\/div><h5 class=\"post-title\"><a href=\"https:\/\/zerooneresearch.ai\/en\/chatgpt5-kde-konci-pomoc-a-zacina-riziko\/\">ChatGPT-5: kde kon\u010d\u00ed pomoc a za\u010d\u00edna riziko?<\/a><\/h5><div class=\"post-labels\"><div class=\"post-categories\"><a class=\"post-category-item\" href=\"https:\/\/zerooneresearch.ai\/en\/kategoria\/ai-trendy\/\">AI trendy<\/a><a class=\"post-category-item\" href=\"https:\/\/zerooneresearch.ai\/en\/kategoria\/ai-vo-firmach\/\">AI vo firm\u00e1ch<\/a><a class=\"post-category-item\" href=\"https:\/\/zerooneresearch.ai\/en\/kategoria\/business\/\">Business<\/a><\/div><\/div>    <\/div>\n<\/div>\n<div class=\"standard-blog-item-wrapper post grid-item grid-blog-item-wrapper post-23162 type-post status-publish format-standard has-post-thumbnail hentry category-ai-trendy category-ai-vo-firmach\">\n    <div class=\"blog-item\">\n        <div class=\"post-media-wrapper\"><a href=\"https:\/\/zerooneresearch.ai\/en\/najnovsie-prelomove-pokroky-v-umelej-inteligencii-pre-firmy\/\"><picture><source media=\"(max-width: 575px)\" sizes=\"(max-width: 575px) 575px\" srcset=\"https:\/\/zerooneresearch.ai\/wp-content\/uploads\/2025\/02\/01-1340-x-638-px-CLANKY-6-575x274.png 575w\"><source media=\"(max-width: 991px)\" sizes=\"(max-width: 991px) 991px\" srcset=\"https:\/\/zerooneresearch.ai\/wp-content\/uploads\/2025\/02\/01-1340-x-638-px-CLANKY-6-500x374.png 991w\"><img decoding=\"async\" alt=\"01 1340 x 638 px CLANKY-6\" title=\"01 1340 x 638 px CLANKY-6\" src=\"https:\/\/zerooneresearch.ai\/wp-content\/uploads\/2025\/02\/01-1340-x-638-px-CLANKY-6-640x478.png\" class=\"attachment-neuros_post_grid_3_columns size-neuros_post_grid_3_columns wp-post-image\" \/><\/picture><\/a><\/div><div class=\"post-meta-header\"><div class=\"post-meta-items-wrapper\"><div class=\"post-meta-items\"><div class=\"post-meta-item post-meta-item-date\"><a href=\"https:\/\/zerooneresearch.ai\/en\/2025\/02\/08\/\">8. February 2025<\/a><\/div><\/div><\/div><\/div><h5 class=\"post-title\"><a href=\"https:\/\/zerooneresearch.ai\/en\/najnovsie-prelomove-pokroky-v-umelej-inteligencii-pre-firmy\/\">Najnov\u0161ie prelomov\u00e9 pokroky v umelej inteligencii pre firmy. Ako m\u00f4\u017ee generat\u00edvna AI pom\u00f4c\u0165?<\/a><\/h5><div class=\"post-labels\"><div class=\"post-categories\"><a class=\"post-category-item\" href=\"https:\/\/zerooneresearch.ai\/en\/kategoria\/ai-trendy\/\">AI trendy<\/a><a class=\"post-category-item\" href=\"https:\/\/zerooneresearch.ai\/en\/kategoria\/ai-vo-firmach\/\">AI vo firm\u00e1ch<\/a><\/div><\/div>    <\/div>\n<\/div>\n<div class=\"standard-blog-item-wrapper post grid-item grid-blog-item-wrapper post-23441 type-post status-publish format-standard has-post-thumbnail hentry category-asai category-tlacove-spravy category-zero-one-research\">\n    <div class=\"blog-item\">\n        <div class=\"post-media-wrapper\"><a href=\"https:\/\/zerooneresearch.ai\/en\/zero-one-research-sa-stava-clenom-asai-asociacie-ai\/\"><picture><source media=\"(max-width: 575px)\" sizes=\"(max-width: 575px) 575px\" srcset=\"https:\/\/zerooneresearch.ai\/wp-content\/uploads\/2025\/01\/01-1340-x-638-px-CLANKY-7-575x274.png 575w\"><source media=\"(max-width: 991px)\" sizes=\"(max-width: 991px) 991px\" srcset=\"https:\/\/zerooneresearch.ai\/wp-content\/uploads\/2025\/01\/01-1340-x-638-px-CLANKY-7-500x374.png 991w\"><img decoding=\"async\" alt=\"01 1340 x 638 px CLANKY-7\" title=\"01 1340 x 638 px CLANKY-7\" src=\"https:\/\/zerooneresearch.ai\/wp-content\/uploads\/2025\/01\/01-1340-x-638-px-CLANKY-7-640x478.png\" class=\"attachment-neuros_post_grid_3_columns size-neuros_post_grid_3_columns wp-post-image\" \/><\/picture><\/a><\/div><div class=\"post-meta-header\"><div class=\"post-meta-items-wrapper\"><div class=\"post-meta-items\"><div class=\"post-meta-item post-meta-item-date\"><a href=\"https:\/\/zerooneresearch.ai\/en\/2025\/01\/20\/\">20. January 2025<\/a><\/div><\/div><\/div><\/div><h5 class=\"post-title\"><a href=\"https:\/\/zerooneresearch.ai\/en\/zero-one-research-sa-stava-clenom-asai-asociacie-ai\/\">Zero One Research vstupuje do ASAI \u2013 Asoci\u00e1cie, ktor\u00e1 sp\u00e1ja AI nad\u0161encov<\/a><\/h5><div class=\"post-labels\"><div class=\"post-categories\"><a class=\"post-category-item\" href=\"https:\/\/zerooneresearch.ai\/en\/kategoria\/asai\/\">ASAI<\/a><a class=\"post-category-item\" href=\"https:\/\/zerooneresearch.ai\/en\/kategoria\/tlacove-spravy\/\">Tla\u010dov\u00e9 spr\u00e1vy<\/a><a class=\"post-category-item\" href=\"https:\/\/zerooneresearch.ai\/en\/kategoria\/zero-one-research\/\">Zero One Research<\/a><\/div><\/div>    <\/div>\n<\/div>\n<div class=\"standard-blog-item-wrapper post grid-item grid-blog-item-wrapper post-23509 type-post status-publish format-standard has-post-thumbnail hentry category-ai category-tlacove-spravy category-zero-one-research\">\n    <div class=\"blog-item\">\n        <div class=\"post-media-wrapper\"><a href=\"https:\/\/zerooneresearch.ai\/en\/matej-svoboda-ai-expert-prinasajuci-svetove-inovacie-na-slovensko\/\"><picture><source media=\"(max-width: 575px)\" sizes=\"(max-width: 575px) 575px\" srcset=\"https:\/\/zerooneresearch.ai\/wp-content\/uploads\/2025\/01\/01-1340-x-638-px-CLANKY-3-575x274.png 575w\"><source media=\"(max-width: 991px)\" sizes=\"(max-width: 991px) 991px\" srcset=\"https:\/\/zerooneresearch.ai\/wp-content\/uploads\/2025\/01\/01-1340-x-638-px-CLANKY-3-500x374.png 991w\"><img decoding=\"async\" alt=\"01 1340 x 638 px CLANKY-3\" title=\"01 1340 x 638 px CLANKY-3\" src=\"https:\/\/zerooneresearch.ai\/wp-content\/uploads\/2025\/01\/01-1340-x-638-px-CLANKY-3-640x478.png\" class=\"attachment-neuros_post_grid_3_columns size-neuros_post_grid_3_columns wp-post-image\" \/><\/picture><\/a><\/div><div class=\"post-meta-header\"><div class=\"post-meta-items-wrapper\"><div class=\"post-meta-items\"><div class=\"post-meta-item post-meta-item-date\"><a href=\"https:\/\/zerooneresearch.ai\/en\/2024\/12\/11\/\">11. December 2024<\/a><\/div><\/div><\/div><\/div><h5 class=\"post-title\"><a href=\"https:\/\/zerooneresearch.ai\/en\/matej-svoboda-ai-expert-prinasajuci-svetove-inovacie-na-slovensko\/\">Founder &#038; CEO Matej Svoboda: AI expert prin\u00e1\u0161aj\u00faci svetov\u00e9 inov\u00e1cie na Slovensko<\/a><\/h5><div class=\"post-labels\"><div class=\"post-categories\"><a class=\"post-category-item\" href=\"https:\/\/zerooneresearch.ai\/en\/kategoria\/ai\/\">AI<\/a><a class=\"post-category-item\" href=\"https:\/\/zerooneresearch.ai\/en\/kategoria\/tlacove-spravy\/\">Tla\u010dov\u00e9 spr\u00e1vy<\/a><a class=\"post-category-item\" href=\"https:\/\/zerooneresearch.ai\/en\/kategoria\/zero-one-research\/\">Zero One Research<\/a><\/div><\/div>    <\/div>\n<\/div>            <\/div>\n\n                    <\/div>\n        \t\t\t\t<\/div>\n\t\t\t\t<\/div>\n\t\t\t\t\t<\/div>\n\t\t<\/div>\n\t\t\t\t\t<\/div>\n\t\t<\/section>\n\t\t\t\t<section class=\"elementor-section elementor-top-section elementor-element elementor-element-3138c78 elementor-section-full_width elementor-section-stretched elementor-section-height-default elementor-section-height-default\" data-id=\"3138c78\" data-element_type=\"section\" data-settings=\"{&quot;stretch_section&quot;:&quot;section-stretched&quot;}\">\n\t\t\t\t\t\t<div class=\"elementor-container elementor-column-gap-no\">\n\t\t\t\t\t<div class=\"elementor-column elementor-col-100 elementor-top-column elementor-element elementor-element-db08ddd\" data-id=\"db08ddd\" data-element_type=\"column\">\n\t\t\t<div class=\"elementor-widget-wrap elementor-element-populated\">\n\t\t\t\t\t\t<section class=\"elementor-section elementor-inner-section elementor-element elementor-element-6eb1a90 elementor-section-boxed elementor-section-height-default elementor-section-height-default\" data-id=\"6eb1a90\" data-element_type=\"section\" data-settings=\"{&quot;background_background&quot;:&quot;classic&quot;}\">\n\t\t\t\t\t\t<div class=\"elementor-container elementor-column-gap-wide\">\n\t\t\t\t\t<div class=\"elementor-column elementor-col-50 elementor-inner-column elementor-element elementor-element-c61ad56\" data-id=\"c61ad56\" data-element_type=\"column\">\n\t\t\t<div class=\"elementor-widget-wrap elementor-element-populated\">\n\t\t\t\t\t\t<div class=\"elementor-element elementor-element-1e4579e elementor-invisible elementor-widget elementor-widget-neuros_heading\" data-id=\"1e4579e\" data-element_type=\"widget\" data-settings=\"{&quot;_animation&quot;:&quot;neuros_heading_animation&quot;,&quot;_animation_delay&quot;:300}\" data-widget_type=\"neuros_heading.default\">\n\t\t\t\t<div class=\"elementor-widget-container\">\n\t\t\t\t\t<div class=\"neuros-heading-widget\"><h2 class=\"neuros-heading\"><span class=\"neuros-subheading\">nev\u00e1hajte n\u00e1s kontaktova\u0165<\/span><span class=\"neuros-heading-content has_gradient_color_text\">\n\nSme v\u017edy Pripraven\u00ed In\u0161pirova\u0165 V\u00e1s a Odpoveda\u0165 na Va\u0161e Ot\u00e1zky\n\n<\/span><\/h2><\/div>\t\t\t\t<\/div>\n\t\t\t\t<\/div>\n\t\t\t\t<div class=\"elementor-element elementor-element-06391e6 elementor-widget elementor-widget-text-editor\" data-id=\"06391e6\" data-element_type=\"widget\" data-widget_type=\"text-editor.default\">\n\t\t\t\t<div class=\"elementor-widget-container\">\n\t\t\t\t\t\t\t\t\t<p>Urobte prv\u00fd krok k v\u00e1\u0161mu \u00faspe\u0161nej\u0161iemu biznisu \u2013 kontaktujte n\u00e1s e\u0161te dnes! Nap\u00ed\u0161te n\u00e1m spr\u00e1vu prostredn\u00edctvom formul\u00e1ra, alebo emailom na <a class=\"wixui-rich-text__text\" href=\"mailto:info@zerooneresearch.ai\" data-auto-recognition=\"true\">info@zerooneresearch.ai.<\/a><\/p>\t\t\t\t\t\t\t\t<\/div>\n\t\t\t\t<\/div>\n\t\t\t\t<div class=\"elementor-element elementor-element-cbbf599 elementor-widget__width-initial elementor-widget elementor-widget-neuros_heading\" data-id=\"cbbf599\" data-element_type=\"widget\" data-widget_type=\"neuros_heading.default\">\n\t\t\t\t<div class=\"elementor-widget-container\">\n\t\t\t\t\t<div class=\"neuros-heading-widget\"><h6 class=\"neuros-heading\"><span class=\"neuros-heading-content has_gradient_color_text\">Telef\u00f3nne \u010d\u00edslo\u00a0<\/span><\/h6><\/div>\t\t\t\t<\/div>\n\t\t\t\t<\/div>\n\t\t\t\t<div class=\"elementor-element elementor-element-f8bb1c6 elementor-widget__width-initial elementor-hidden-widescreen elementor-hidden-desktop elementor-hidden-laptop elementor-hidden-tablet_extra elementor-hidden-tablet elementor-hidden-mobile_extra elementor-widget elementor-widget-text-editor\" data-id=\"f8bb1c6\" data-element_type=\"widget\" data-widget_type=\"text-editor.default\">\n\t\t\t\t<div class=\"elementor-widget-container\">\n\t\t\t\t\t\t\t\t\t<p><a href=\"http:\/\/+ 421 907 185 926\" data-wplink-url-error=\"true\">+ 421 907 185 926<\/a><\/p>\t\t\t\t\t\t\t\t<\/div>\n\t\t\t\t<\/div>\n\t\t\t\t<div class=\"elementor-element elementor-element-eacd8aa elementor-widget__width-initial elementor-widget elementor-widget-neuros_heading\" data-id=\"eacd8aa\" data-element_type=\"widget\" data-widget_type=\"neuros_heading.default\">\n\t\t\t\t<div class=\"elementor-widget-container\">\n\t\t\t\t\t<div class=\"neuros-heading-widget\"><h6 class=\"neuros-heading\"><span class=\"neuros-heading-content has_gradient_color_text\">Adresa<\/span><\/h6><\/div>\t\t\t\t<\/div>\n\t\t\t\t<\/div>\n\t\t\t\t<div class=\"elementor-element elementor-element-1f7fabf elementor-widget__width-initial elementor-hidden-mobile elementor-widget elementor-widget-text-editor\" data-id=\"1f7fabf\" data-element_type=\"widget\" data-widget_type=\"text-editor.default\">\n\t\t\t\t<div class=\"elementor-widget-container\">\n\t\t\t\t\t\t\t\t\t<p><a href=\"http:\/\/+ 421 907 185 926\" data-wplink-url-error=\"true\">+ 421 907 185 926<\/a><\/p>\t\t\t\t\t\t\t\t<\/div>\n\t\t\t\t<\/div>\n\t\t\t\t<div class=\"elementor-element elementor-element-cdd2f5a elementor-widget__width-initial elementor-widget elementor-widget-text-editor\" data-id=\"cdd2f5a\" data-element_type=\"widget\" data-widget_type=\"text-editor.default\">\n\t\t\t\t<div class=\"elementor-widget-container\">\n\t\t\t\t\t\t\t\t\t<p>Ve\u013ek\u00e1 Okru\u017en\u00e1 17\u00a0<span style=\"letter-spacing: 0em;\">010 01 \u017dilina<\/span><\/p>\t\t\t\t\t\t\t\t<\/div>\n\t\t\t\t<\/div>\n\t\t\t\t<div class=\"elementor-element elementor-element-c6a0fb9 elementor-widget__width-initial elementor-widget elementor-widget-neuros_heading\" data-id=\"c6a0fb9\" data-element_type=\"widget\" data-widget_type=\"neuros_heading.default\">\n\t\t\t\t<div class=\"elementor-widget-container\">\n\t\t\t\t\t<div class=\"neuros-heading-widget\"><h6 class=\"neuros-heading\"><span class=\"neuros-heading-content has_gradient_color_text\">Email<\/span><\/h6><\/div>\t\t\t\t<\/div>\n\t\t\t\t<\/div>\n\t\t\t\t<div class=\"elementor-element elementor-element-b046186 elementor-widget__width-initial elementor-hidden-widescreen elementor-hidden-desktop elementor-hidden-laptop elementor-hidden-tablet_extra elementor-hidden-tablet elementor-hidden-mobile_extra elementor-widget elementor-widget-text-editor\" data-id=\"b046186\" data-element_type=\"widget\" data-widget_type=\"text-editor.default\">\n\t\t\t\t<div class=\"elementor-widget-container\">\n\t\t\t\t\t\t\t\t\t<p><a href=\"mailto:info@zerooneresearch-ai\" data-wplink-edit=\"true\"><span style=\"text-decoration: underline;\">info@zerooneresearch.ai<\/span><\/a><\/p>\t\t\t\t\t\t\t\t<\/div>\n\t\t\t\t<\/div>\n\t\t\t\t<div class=\"elementor-element elementor-element-2b9818f elementor-widget__width-initial elementor-widget elementor-widget-neuros_heading\" data-id=\"2b9818f\" data-element_type=\"widget\" data-widget_type=\"neuros_heading.default\">\n\t\t\t\t<div class=\"elementor-widget-container\">\n\t\t\t\t\t<div class=\"neuros-heading-widget\"><h6 class=\"neuros-heading\"><span class=\"neuros-heading-content has_gradient_color_text\">Social network<\/span><\/h6><\/div>\t\t\t\t<\/div>\n\t\t\t\t<\/div>\n\t\t\t\t<div class=\"elementor-element elementor-element-c89a9e3 elementor-widget__width-initial elementor-hidden-mobile elementor-widget elementor-widget-text-editor\" data-id=\"c89a9e3\" data-element_type=\"widget\" data-widget_type=\"text-editor.default\">\n\t\t\t\t<div class=\"elementor-widget-container\">\n\t\t\t\t\t\t\t\t\t<p><a href=\"mailto:info@zerooneresearch-ai\" data-wplink-edit=\"true\"><span style=\"text-decoration: underline;\">info@zerooneresearch.ai<\/span><\/a><\/p>\t\t\t\t\t\t\t\t<\/div>\n\t\t\t\t<\/div>\n\t\t\t\t<div class=\"elementor-element elementor-element-28ead41 elementor-shape-square e-grid-align-left elementor-widget__width-initial elementor-grid-0 elementor-widget elementor-widget-social-icons\" data-id=\"28ead41\" data-element_type=\"widget\" data-widget_type=\"social-icons.default\">\n\t\t\t\t<div class=\"elementor-widget-container\">\n\t\t\t\t\t\t\t<div class=\"elementor-social-icons-wrapper elementor-grid\">\n\t\t\t\t\t\t\t<span class=\"elementor-grid-item\">\n\t\t\t\t\t<a class=\"elementor-icon elementor-social-icon elementor-social-icon-linkedin-in elementor-repeater-item-01f04d5\" href=\"https:\/\/www.linkedin.com\/company\/zero-one-research\/about\/\" target=\"_blank\">\n\t\t\t\t\t\t<span class=\"elementor-screen-only\">Linkedin-in<\/span>\n\t\t\t\t\t\t<i class=\"fab fa-linkedin-in\"><\/i>\t\t\t\t\t<\/a>\n\t\t\t\t<\/span>\n\t\t\t\t\t\t\t<span class=\"elementor-grid-item\">\n\t\t\t\t\t<a class=\"elementor-icon elementor-social-icon elementor-social-icon-instagram elementor-repeater-item-03438c1\" href=\"https:\/\/www.instagram.com\/zerooneresearch.ai\/\" target=\"_blank\">\n\t\t\t\t\t\t<span class=\"elementor-screen-only\">Instagram<\/span>\n\t\t\t\t\t\t<i class=\"fab fa-instagram\"><\/i>\t\t\t\t\t<\/a>\n\t\t\t\t<\/span>\n\t\t\t\t\t\t\t<span class=\"elementor-grid-item\">\n\t\t\t\t\t<a class=\"elementor-icon elementor-social-icon elementor-social-icon-facebook-f elementor-repeater-item-af284db\" href=\"https:\/\/www.facebook.com\/\" target=\"_blank\">\n\t\t\t\t\t\t<span class=\"elementor-screen-only\">Facebook-f<\/span>\n\t\t\t\t\t\t<i class=\"fab fa-facebook-f\"><\/i>\t\t\t\t\t<\/a>\n\t\t\t\t<\/span>\n\t\t\t\t\t\t\t<span class=\"elementor-grid-item\">\n\t\t\t\t\t<a class=\"elementor-icon elementor-social-icon elementor-social-icon-twitter elementor-repeater-item-aaa4c39\" href=\"https:\/\/twitter.com\/\" target=\"_blank\">\n\t\t\t\t\t\t<span class=\"elementor-screen-only\">Twitter<\/span>\n\t\t\t\t\t\t<i class=\"fab fa-twitter\"><\/i>\t\t\t\t\t<\/a>\n\t\t\t\t<\/span>\n\t\t\t\t\t<\/div>\n\t\t\t\t\t\t<\/div>\n\t\t\t\t<\/div>\n\t\t\t\t\t<\/div>\n\t\t<\/div>\n\t\t\t\t<div class=\"elementor-column elementor-col-50 elementor-inner-column elementor-element elementor-element-4a2c0c1\" data-id=\"4a2c0c1\" data-element_type=\"column\">\n\t\t\t<div class=\"elementor-widget-wrap elementor-element-populated\">\n\t\t\t\t\t\t<div class=\"elementor-element elementor-element-ce8db65 elementor-widget elementor-widget-htcontactform-addons\" data-id=\"ce8db65\" data-element_type=\"widget\" data-widget_type=\"htcontactform-addons.default\">\n\t\t\t\t<div class=\"elementor-widget-container\">\n\t\t\t\t\t            <div class=\"htcontact-form-wrapper\" >\n                \n<div class=\"wpcf7 no-js\" id=\"wpcf7-f22738-o1\" lang=\"sk-SK\" dir=\"ltr\" data-wpcf7-id=\"22738\">\n<div class=\"screen-reader-response\"><p role=\"status\" aria-live=\"polite\" aria-atomic=\"true\"><\/p> <ul><\/ul><\/div>\n<form action=\"\/en\/wp-json\/wp\/v2\/pages\/713#wpcf7-f22738-o1\" method=\"post\" class=\"wpcf7-form init\" aria-label=\"Kontaktn\u00fd formul\u00e1r\" novalidate=\"novalidate\" data-status=\"init\" data-trp-original-action=\"\/en\/wp-json\/wp\/v2\/pages\/713#wpcf7-f22738-o1\">\n<div style=\"display: none;\">\n<input type=\"hidden\" name=\"_wpcf7\" value=\"22738\" \/>\n<input type=\"hidden\" name=\"_wpcf7_version\" value=\"6.0.4\" \/>\n<input type=\"hidden\" name=\"_wpcf7_locale\" value=\"sk_SK\" \/>\n<input type=\"hidden\" name=\"_wpcf7_unit_tag\" value=\"wpcf7-f22738-o1\" \/>\n<input type=\"hidden\" name=\"_wpcf7_container_post\" value=\"0\" \/>\n<input type=\"hidden\" name=\"_wpcf7_posted_data_hash\" value=\"\" \/>\n<input type=\"hidden\" name=\"_wpcf7_recaptcha_response\" value=\"\" \/>\n<\/div>\n<p><span class=\"neuros-heading-content\">Kontaktujte n\u00e1s<\/span>\n<\/p>\n<div class=\"wpforms-description\">\n\t<p>Definujte svoje ciele a identifikujte oblasti, v ktor\u00fdch m\u00f4\u017ee AI prida\u0165 hodnotu v\u00e1\u0161mu podnikaniu\n\t<\/p>\n<\/div>\n<div class=\"wpcf7-field-container\">\n\t<div class=\"wpcf7-field wpcf7-text\">\n\t\t<p><span class=\"wpcf7-form-control-wrap\" data-name=\"full-name\"><input size=\"40\" maxlength=\"400\" class=\"wpcf7-form-control wpcf7-text wpcf7-validates-as-required\" aria-required=\"true\" aria-invalid=\"false\" placeholder=\"Meno a Priezvisko\" value=\"\" type=\"text\" name=\"full-name\" \/><\/span>\n\t\t<\/p>\n\t<\/div>\n\t<div class=\"wpcf7-field wpcf7-email\">\n\t\t<p><span class=\"wpcf7-form-control-wrap\" data-name=\"email\"><input size=\"40\" maxlength=\"400\" class=\"wpcf7-form-control wpcf7-email wpcf7-validates-as-required wpcf7-text wpcf7-validates-as-email\" aria-required=\"true\" aria-invalid=\"false\" placeholder=\"Email\" value=\"\" type=\"email\" name=\"email\" \/><\/span>\n\t\t<\/p>\n\t<\/div>\n\t<div class=\"wpcf7-field wpcf7-text\">\n\t\t<p><span class=\"wpcf7-form-control-wrap\" data-name=\"subject\"><input size=\"40\" maxlength=\"400\" class=\"wpcf7-form-control wpcf7-text wpcf7-validates-as-required\" aria-required=\"true\" aria-invalid=\"false\" placeholder=\"Predmet\" value=\"\" type=\"text\" name=\"subject\" \/><\/span>\n\t\t<\/p>\n\t<\/div>\n\t<div class=\"wpcf7-field wpcf7-textarea\">\n\t\t<p><span class=\"wpcf7-form-control-wrap\" data-name=\"message\"><textarea cols=\"40\" rows=\"10\" maxlength=\"2000\" class=\"wpcf7-form-control wpcf7-textarea\" aria-invalid=\"false\" placeholder=\"Va\u0161a Spr\u00e1va\" name=\"message\"><\/textarea><\/span>\n\t\t<\/p>\n\t<\/div>\n<\/div>\n<div class=\"wpcf7-submit-container\">\n\t<p><input class=\"wpcf7-form-control wpcf7-submit has-spinner\" type=\"submit\" value=\"Odosla\u0165 Spr\u00e1vu\" \/>\n\t<\/p>\n<\/div><p style=\"display: none !important;\" class=\"akismet-fields-container\" data-prefix=\"_wpcf7_ak_\"><label>&#916;<textarea name=\"_wpcf7_ak_hp_textarea\" cols=\"45\" rows=\"8\" maxlength=\"100\"><\/textarea><\/label><input type=\"hidden\" id=\"ak_js_1\" name=\"_wpcf7_ak_js\" value=\"77\"\/><script>document.getElementById( \"ak_js_1\" ).setAttribute( \"value\", ( new Date() ).getTime() );<\/script><\/p><div class=\"wpcf7-response-output\" aria-hidden=\"true\"><\/div>\n<input type=\"hidden\" name=\"trp-form-language\" value=\"en\"\/><\/form>\n<\/div>\n            <\/div>\n\n        \t\t\t\t<\/div>\n\t\t\t\t<\/div>\n\t\t\t\t\t<\/div>\n\t\t<\/div>\n\t\t\t\t\t<\/div>\n\t\t<\/section>\n\t\t\t\t\t<\/div>\n\t\t<\/div>\n\t\t\t\t\t<\/div>\n\t\t<\/section>\n\t\t\t\t<\/div>","protected":false},"excerpt":{"rendered":"<p>Urobte prv\u00fd krok k v\u00e1\u0161mu \u00faspe\u0161nej\u0161iemu biznisu \u2013 kontaktujte n\u00e1s e\u0161te dnes! Nap\u00ed\u0161te n\u00e1m spr\u00e1vu prostredn\u00edctvom formul\u00e1ra, alebo emailom na info@zerooneresearch.ai. + 421 907 185 926 + 421 907 185 926 Ve\u013ek\u00e1 Okru\u017en\u00e1 17\u00a0010 01 \u017dilina info@zerooneresearch.ai info@zerooneresearch.ai Linkedin-in Instagram Facebook-f&#8230;<\/p>","protected":false},"author":1,"featured_media":0,"parent":0,"menu_order":0,"comment_status":"closed","ping_status":"closed","template":"","meta":{"footnotes":""},"class_list":["post-713","page","type-page","status-publish","hentry"],"_links":{"self":[{"href":"https:\/\/zerooneresearch.ai\/en\/wp-json\/wp\/v2\/pages\/713","targetHints":{"allow":["GET"]}}],"collection":[{"href":"https:\/\/zerooneresearch.ai\/en\/wp-json\/wp\/v2\/pages"}],"about":[{"href":"https:\/\/zerooneresearch.ai\/en\/wp-json\/wp\/v2\/types\/page"}],"author":[{"embeddable":true,"href":"https:\/\/zerooneresearch.ai\/en\/wp-json\/wp\/v2\/users\/1"}],"replies":[{"embeddable":true,"href":"https:\/\/zerooneresearch.ai\/en\/wp-json\/wp\/v2\/comments?post=713"}],"version-history":[{"count":49,"href":"https:\/\/zerooneresearch.ai\/en\/wp-json\/wp\/v2\/pages\/713\/revisions"}],"predecessor-version":[{"id":24884,"href":"https:\/\/zerooneresearch.ai\/en\/wp-json\/wp\/v2\/pages\/713\/revisions\/24884"}],"wp:attachment":[{"href":"https:\/\/zerooneresearch.ai\/en\/wp-json\/wp\/v2\/media?parent=713"}],"curies":[{"name":"wp","href":"https:\/\/api.w.org\/{rel}","templated":true}]}}